{"id":5104,"date":"2022-10-16T10:43:10","date_gmt":"2022-10-16T10:43:10","guid":{"rendered":"https:\/\/officineminelli.it\/produits\/"},"modified":"2025-01-21T14:04:01","modified_gmt":"2025-01-21T14:04:01","slug":"produits","status":"publish","type":"page","link":"https:\/\/officineminelli.it\/fr\/produits\/","title":{"rendered":"Produits"},"content":{"rendered":"\t\t<div data-elementor-type=\"wp-page\" data-elementor-id=\"5104\" class=\"elementor elementor-5104 elementor-858\" data-elementor-post-type=\"page\">\n\t\t\t\t\t\t<section class=\"elementor-section elementor-top-section elementor-element elementor-element-0a7f766 elementor-section-full_width elementor-section-height-default elementor-section-height-default\" data-id=\"0a7f766\" data-element_type=\"section\">\n\t\t\t\t\t\t<div class=\"elementor-container elementor-column-gap-no\">\n\t\t\t\t\t<div class=\"elementor-column elementor-col-100 elementor-top-column elementor-element elementor-element-c533e83\" data-id=\"c533e83\" data-element_type=\"column\">\n\t\t\t<div class=\"elementor-widget-wrap elementor-element-populated\">\n\t\t\t\t\t\t<div class=\"elementor-element elementor-element-b843826 elementor-widget elementor-widget-builty-intro\" data-id=\"b843826\" data-element_type=\"widget\" data-widget_type=\"builty-intro.default\">\n\t\t\t\t<div class=\"elementor-widget-container\">\n\t\t\t\t\t\n\t\t<!-- Banner Style One Start -->\n\t  <section class=\"banner-style-one\" style=\"min-height: 100px;\">\n\t\t\t\t\t  <div class=\"parallax\" style=\"background-image: url('');\"><\/div>\n\t\t\t\t    <div class=\"container\">\n\t      <div class=\"row\">\n\t\t\t\t\t\t\t\t\t\t<div class=\"banner-details\">\n\t\t\t\t\t\t\t\t\t\t\t\t<h1 class=\"intro-title\">\n\t\t\t\t\t\t\t<span >\n\t\t\t\t\t\t\t\tPelles industrielles pour la manutention de mat\u00e9riaux\t\t\t\t\t\t\t<\/span>\n\t\t\t\t\t\t<\/h1>\n\t\t\t\t\t\t\t\t\t\t\t\t\t          <p>\n\t\t\t\t\t\t\t<span >\n\t\t\t\t\t\t\t\tId\u00e9ales pour la logistique et le transport de charges lourdes, nos Pelles industrielles offrent une pr\u00e9cision, une rapidit\u00e9 et une maniabilit\u00e9 exceptionnelles, m\u00eame dans les espaces les plus confin\u00e9s. Con\u00e7ues pour \u00eatre robustes et fiables, nos machines sont pr\u00eates \u00e0 affronter les conditions les plus exigeantes, facilitant ainsi la gestion s\u00fbre et efficace des mat\u00e9riaux volumineux. Chaque client a des besoins sp\u00e9cifiques: nous proposons des solutions personnalis\u00e9es, parfaitement adapt\u00e9es \u00e0 chaque demande et secteur d'activit\u00e9.\t\t\t\t\t\t\t<\/span>\n\t\t\t\t\t\t<\/p>\n\t\t\t\t\t\t\t        <\/div>\n\t\t\t\t\t\t      <\/div>\n\t    <\/div>\n\t\t\t\t  <\/section>\n\t  <!-- Banner Style One End -->\n\n\t\t\t\t\t\t<\/div>\n\t\t\t\t<\/div>\n\t\t\t\t\t<\/div>\n\t\t<\/div>\n\t\t\t\t\t<\/div>\n\t\t<\/section>\n\t\t\t\t<section class=\"elementor-section elementor-top-section elementor-element elementor-element-0fbeb3b elementor-section-boxed elementor-section-height-default elementor-section-height-default\" data-id=\"0fbeb3b\" data-element_type=\"section\">\n\t\t\t\t\t\t<div class=\"elementor-container elementor-column-gap-default\">\n\t\t\t\t\t<div class=\"elementor-column elementor-col-100 elementor-top-column elementor-element elementor-element-baf75df\" data-id=\"baf75df\" data-element_type=\"column\">\n\t\t\t<div class=\"elementor-widget-wrap elementor-element-populated\">\n\t\t\t\t\t\t<div class=\"elementor-element elementor-element-3cad65a elementor-widget elementor-widget-text-editor\" data-id=\"3cad65a\" data-element_type=\"widget\" data-widget_type=\"text-editor.default\">\n\t\t\t\t<div class=\"elementor-widget-container\">\n\t\t\t\t\t\t\t\t\t    <div id=\"primary\" class=\"content-area\">\n        <main id=\"main\" class=\"site-main\" role=\"main\">\n\n                            <div class=\"container\" style=\"margin-top:8%\">\n                    <div class=\"row\">\n                                                    <div class=\"col-md-4 mb-4\">\n                                <div class=\"card\">\n                                                                                                                <img decoding=\"async\" src=\"https:\/\/officineminelli.it\/wp-content\/uploads\/2024\/07\/m15e-prodotto-logo.jpg\" class=\"card-img-top\" alt=\"PELLE DE MANUTENTION M15E\">\n                                                                        <div class=\"card-body\">\n                                        <h2 class=\"card-title\" style=\"font-size:25px\"><a href=\"https:\/\/officineminelli.it\/fr\/produits-minelli\/pelle-de-manutention-m15e\/\">PELLE DE MANUTENTION M15E<\/a><\/h2>\n                                        <span class=\"read-more\">\n                                            <a href=\"https:\/\/officineminelli.it\/fr\/produits-minelli\/pelle-de-manutention-m15e\/\" class=\"theme-btn\" style=\"width:90%;\">\n    D\u00e9couvrir<i class=\"fas fa-angle-double-right\"><\/i>\n<\/a>\n                                        <\/span>\n                                    <\/div>\n                                <\/div>\n                            <\/div>\n                                                    <div class=\"col-md-4 mb-4\">\n                                <div class=\"card\">\n                                                                                                                <img decoding=\"async\" src=\"https:\/\/officineminelli.it\/wp-content\/uploads\/2024\/06\/m18-prodotto.jpg\" class=\"card-img-top\" alt=\"PELLE DE MANUTENTION M18\">\n                                                                        <div class=\"card-body\">\n                                        <h2 class=\"card-title\" style=\"font-size:25px\"><a href=\"https:\/\/officineminelli.it\/fr\/produits-minelli\/pelle-de-manutention-m18\/\">PELLE DE MANUTENTION M18<\/a><\/h2>\n                                        <span class=\"read-more\">\n                                            <a href=\"https:\/\/officineminelli.it\/fr\/produits-minelli\/pelle-de-manutention-m18\/\" class=\"theme-btn\" style=\"width:90%;\">\n    D\u00e9couvrir<i class=\"fas fa-angle-double-right\"><\/i>\n<\/a>\n                                        <\/span>\n                                    <\/div>\n                                <\/div>\n                            <\/div>\n                                                    <div class=\"col-md-4 mb-4\">\n                                <div class=\"card\">\n                                                                                                                <img decoding=\"async\" src=\"https:\/\/officineminelli.it\/wp-content\/uploads\/2024\/06\/m20-prodotto.jpg\" class=\"card-img-top\" alt=\"PELLE DE MANUTENTION M20\">\n                                                                        <div class=\"card-body\">\n                                        <h2 class=\"card-title\" style=\"font-size:25px\"><a href=\"https:\/\/officineminelli.it\/fr\/produits-minelli\/pelle-de-manutention-m20\/\">PELLE DE MANUTENTION M20<\/a><\/h2>\n                                        <span class=\"read-more\">\n                                            <a href=\"https:\/\/officineminelli.it\/fr\/produits-minelli\/pelle-de-manutention-m20\/\" class=\"theme-btn\" style=\"width:90%;\">\n    D\u00e9couvrir<i class=\"fas fa-angle-double-right\"><\/i>\n<\/a>\n                                        <\/span>\n                                    <\/div>\n                                <\/div>\n                            <\/div>\n                                                    <div class=\"col-md-4 mb-4\">\n                                <div class=\"card\">\n                                                                                                                <img decoding=\"async\" src=\"https:\/\/officineminelli.it\/wp-content\/uploads\/2024\/07\/m20e-prodotto.jpg\" class=\"card-img-top\" alt=\"PELLE DE MANUTENTION M20E\">\n                                                                        <div class=\"card-body\">\n                                        <h2 class=\"card-title\" style=\"font-size:25px\"><a href=\"https:\/\/officineminelli.it\/fr\/produits-minelli\/caricatore-m20e\/\">PELLE DE MANUTENTION M20E<\/a><\/h2>\n                                        <span class=\"read-more\">\n                                            <a href=\"https:\/\/officineminelli.it\/fr\/produits-minelli\/caricatore-m20e\/\" class=\"theme-btn\" style=\"width:90%;\">\n    D\u00e9couvrir<i class=\"fas fa-angle-double-right\"><\/i>\n<\/a>\n                                        <\/span>\n                                    <\/div>\n                                <\/div>\n                            <\/div>\n                                                    <div class=\"col-md-4 mb-4\">\n                                <div class=\"card\">\n                                                                                                                <img decoding=\"async\" src=\"https:\/\/officineminelli.it\/wp-content\/uploads\/2024\/06\/m25-prodotto.jpg\" class=\"card-img-top\" alt=\"PELLE DE MANUTENTION M25\">\n                                                                        <div class=\"card-body\">\n                                        <h2 class=\"card-title\" style=\"font-size:25px\"><a href=\"https:\/\/officineminelli.it\/fr\/produits-minelli\/pelle-de-manutention-m25\/\">PELLE DE MANUTENTION M25<\/a><\/h2>\n                                        <span class=\"read-more\">\n                                            <a href=\"https:\/\/officineminelli.it\/fr\/produits-minelli\/pelle-de-manutention-m25\/\" class=\"theme-btn\" style=\"width:90%;\">\n    D\u00e9couvrir<i class=\"fas fa-angle-double-right\"><\/i>\n<\/a>\n                                        <\/span>\n                                    <\/div>\n                                <\/div>\n                            <\/div>\n                                                    <div class=\"col-md-4 mb-4\">\n                                <div class=\"card\">\n                                                                                                                <img decoding=\"async\" src=\"https:\/\/officineminelli.it\/wp-content\/uploads\/2024\/06\/m30-prodotto.jpg\" class=\"card-img-top\" alt=\"PELLE DE MANUTENTION M30\">\n                                                                        <div class=\"card-body\">\n                                        <h2 class=\"card-title\" style=\"font-size:25px\"><a href=\"https:\/\/officineminelli.it\/fr\/produits-minelli\/pelle-de-manutention-m30\/\">PELLE DE MANUTENTION M30<\/a><\/h2>\n                                        <span class=\"read-more\">\n                                            <a href=\"https:\/\/officineminelli.it\/fr\/produits-minelli\/pelle-de-manutention-m30\/\" class=\"theme-btn\" style=\"width:90%;\">\n    D\u00e9couvrir<i class=\"fas fa-angle-double-right\"><\/i>\n<\/a>\n                                        <\/span>\n                                    <\/div>\n                                <\/div>\n                            <\/div>\n                                                    <div class=\"col-md-4 mb-4\">\n                                <div class=\"card\">\n                                                                                                                <img decoding=\"async\" src=\"https:\/\/officineminelli.it\/wp-content\/uploads\/2024\/06\/m35-prodotto.jpg\" class=\"card-img-top\" alt=\"PELLE DE MANUTENTION M35\">\n                                                                        <div class=\"card-body\">\n                                        <h2 class=\"card-title\" style=\"font-size:25px\"><a href=\"https:\/\/officineminelli.it\/fr\/produits-minelli\/pelle-de-manutention-m35\/\">PELLE DE MANUTENTION M35<\/a><\/h2>\n                                        <span class=\"read-more\">\n                                            <a href=\"https:\/\/officineminelli.it\/fr\/produits-minelli\/pelle-de-manutention-m35\/\" class=\"theme-btn\" style=\"width:90%;\">\n    D\u00e9couvrir<i class=\"fas fa-angle-double-right\"><\/i>\n<\/a>\n                                        <\/span>\n                                    <\/div>\n                                <\/div>\n                            <\/div>\n                                                    <div class=\"col-md-4 mb-4\">\n                                <div class=\"card\">\n                                                                                                                <img decoding=\"async\" src=\"https:\/\/officineminelli.it\/wp-content\/uploads\/2024\/06\/m40-prodotto.jpg\" class=\"card-img-top\" alt=\"PELLE DE MANUTENTION M40\">\n                                                                        <div class=\"card-body\">\n                                        <h2 class=\"card-title\" style=\"font-size:25px\"><a href=\"https:\/\/officineminelli.it\/fr\/produits-minelli\/pelle-de-manutention-m40\/\">PELLE DE MANUTENTION M40<\/a><\/h2>\n                                        <span class=\"read-more\">\n                                            <a href=\"https:\/\/officineminelli.it\/fr\/produits-minelli\/pelle-de-manutention-m40\/\" class=\"theme-btn\" style=\"width:90%;\">\n    D\u00e9couvrir<i class=\"fas fa-angle-double-right\"><\/i>\n<\/a>\n                                        <\/span>\n                                    <\/div>\n                                <\/div>\n                            <\/div>\n                                                    <div class=\"col-md-4 mb-4\">\n                                <div class=\"card\">\n                                                                                                                <img decoding=\"async\" src=\"https:\/\/officineminelli.it\/wp-content\/uploads\/2024\/06\/m45-prodotto.jpg\" class=\"card-img-top\" alt=\"PELLE DE MANUTENTION M45\">\n                                                                        <div class=\"card-body\">\n                                        <h2 class=\"card-title\" style=\"font-size:25px\"><a href=\"https:\/\/officineminelli.it\/fr\/produits-minelli\/pelle-de-manutention-m45\/\">PELLE DE MANUTENTION M45<\/a><\/h2>\n                                        <span class=\"read-more\">\n                                            <a href=\"https:\/\/officineminelli.it\/fr\/produits-minelli\/pelle-de-manutention-m45\/\" class=\"theme-btn\" style=\"width:90%;\">\n    D\u00e9couvrir<i class=\"fas fa-angle-double-right\"><\/i>\n<\/a>\n                                        <\/span>\n                                    <\/div>\n                                <\/div>\n                            <\/div>\n                                            <\/div>\n                <\/div>\n                    <\/main>\n    <\/div>\n\n    <style>\n        .sold-banner {\n            background-color: #E30414;\n            position: absolute;\n            top: 0;\n            right: 0;\n            color: white;\n            padding: 10px;\n            font-size: 14px;\n            font-weight: bold; \n            z-index: 10;\n        }\n        .card {\n            position: relative;\n            overflow: hidden;\n        }\n    <\/style>\n\n    \n\t\t\t\t\t\t\t\t<\/div>\n\t\t\t\t<\/div>\n\t\t\t\t\t<\/div>\n\t\t<\/div>\n\t\t\t\t\t<\/div>\n\t\t<\/section>\n\t\t\t\t<\/div>\n\t\t","protected":false},"excerpt":{"rendered":"<p>Pelles industrielles pour la manutention de mat\u00e9riaux Id\u00e9ales pour la logistique et le transport de charges lourdes, nos Pelles industrielles.. <span class=\"read-more\"><a href=\"https:\/\/officineminelli.it\/fr\/produits-minelli\/pelle-de-manutention-m45\/\" class=\"theme-btn\"><span>Read more<\/span><i class=\"fas fa-angle-double-right\"><\/i><\/a><\/span><\/p>\n","protected":false},"author":1,"featured_media":0,"parent":0,"menu_order":0,"comment_status":"closed","ping_status":"closed","template":"template-layout-builder.php","meta":{"_acf_changed":false,"footnotes":""},"class_list":["post-5104","page","type-page","status-publish","hentry"],"acf":[],"aioseo_notices":[],"_links":{"self":[{"href":"https:\/\/officineminelli.it\/fr\/wp-json\/wp\/v2\/pages\/5104","targetHints":{"allow":["GET"]}}],"collection":[{"href":"https:\/\/officineminelli.it\/fr\/wp-json\/wp\/v2\/pages"}],"about":[{"href":"https:\/\/officineminelli.it\/fr\/wp-json\/wp\/v2\/types\/page"}],"author":[{"embeddable":true,"href":"https:\/\/officineminelli.it\/fr\/wp-json\/wp\/v2\/users\/1"}],"replies":[{"embeddable":true,"href":"https:\/\/officineminelli.it\/fr\/wp-json\/wp\/v2\/comments?post=5104"}],"version-history":[{"count":7,"href":"https:\/\/officineminelli.it\/fr\/wp-json\/wp\/v2\/pages\/5104\/revisions"}],"predecessor-version":[{"id":5246,"href":"https:\/\/officineminelli.it\/fr\/wp-json\/wp\/v2\/pages\/5104\/revisions\/5246"}],"wp:attachment":[{"href":"https:\/\/officineminelli.it\/fr\/wp-json\/wp\/v2\/media?parent=5104"}],"curies":[{"name":"wp","href":"https:\/\/api.w.org\/{rel}","templated":true}]}}