{"id":5098,"date":"2024-10-29T10:29:28","date_gmt":"2024-10-29T10:29:28","guid":{"rendered":"https:\/\/officineminelli.it\/gebraucht\/"},"modified":"2025-01-20T11:00:37","modified_gmt":"2025-01-20T11:00:37","slug":"gebraucht","status":"publish","type":"page","link":"https:\/\/officineminelli.it\/de\/gebraucht\/","title":{"rendered":"Gebraucht"},"content":{"rendered":"\t\t<div data-elementor-type=\"wp-page\" data-elementor-id=\"5098\" class=\"elementor elementor-5098 elementor-3926\" data-elementor-post-type=\"page\">\n\t\t\t\t\t\t<section class=\"elementor-section elementor-top-section elementor-element elementor-element-0a7f766 elementor-section-full_width elementor-section-height-default elementor-section-height-default\" data-id=\"0a7f766\" data-element_type=\"section\">\n\t\t\t\t\t\t<div class=\"elementor-container elementor-column-gap-no\">\n\t\t\t\t\t<div class=\"elementor-column elementor-col-100 elementor-top-column elementor-element elementor-element-c533e83\" data-id=\"c533e83\" data-element_type=\"column\">\n\t\t\t<div class=\"elementor-widget-wrap elementor-element-populated\">\n\t\t\t\t\t\t<div class=\"elementor-element elementor-element-b843826 elementor-widget elementor-widget-builty-intro\" data-id=\"b843826\" data-element_type=\"widget\" data-widget_type=\"builty-intro.default\">\n\t\t\t\t<div class=\"elementor-widget-container\">\n\t\t\t\t\t\n\t\t<!-- Banner Style One Start -->\n\t  <section class=\"banner-style-one\" style=\"min-height: 100px;\">\n\t\t\t\t\t  <div class=\"parallax\" style=\"background-image: url('');\"><\/div>\n\t\t\t\t    <div class=\"container\">\n\t      <div class=\"row\">\n\t\t\t\t\t\t\t\t\t\t<div class=\"banner-details\">\n\t\t\t\t\t\t\t\t\t\t\t\t<h1 class=\"intro-title\">\n\t\t\t\t\t\t\t<span >\n\t\t\t\t\t\t\t\tGebrauchte und wiederaufbereitete Materialumschlagbagger\t\t\t\t\t\t\t<\/span>\n\t\t\t\t\t\t<\/h1>\n\t\t\t\t\t\t\t\t\t\t\t\t\t          <p>\n\t\t\t\t\t\t\t<span >\n\t\t\t\t\t\t\t\tUnser Angebot f\u00fcr gebrauchte und wiederaufbereitete Minelli Materialumschlagbagger umfasst eine Auswahl an gebrauchten und wiederaufbereiteten Minelli Materialumschlagbaggern, mit Garantie f\u00fcr ein zweites Arbeitsleben, auf h\u00f6chstem Niveau. Auch Preisg\u00fcnstige Umschlagbagger der bekanntesten Hersteller, k\u00f6nnen sie bei uns erwerben,  um diese f\u00fcr eine weniger belastende T\u00e4tigkeit, oder auch nur f\u00fcr eine gelegentliche Nutzung zu verwenden.\t\t\t\t\t\t\t<\/span>\n\t\t\t\t\t\t<\/p>\n\t\t\t\t\t\t\t        <\/div>\n\t\t\t\t\t\t      <\/div>\n\t    <\/div>\n\t\t\t\t  <\/section>\n\t  <!-- Banner Style One End -->\n\n\t\t\t\t\t\t<\/div>\n\t\t\t\t<\/div>\n\t\t\t\t\t<\/div>\n\t\t<\/div>\n\t\t\t\t\t<\/div>\n\t\t<\/section>\n\t\t\t\t<section class=\"elementor-section elementor-top-section elementor-element elementor-element-0fbeb3b elementor-section-full_width elementor-section-height-default elementor-section-height-default\" data-id=\"0fbeb3b\" data-element_type=\"section\">\n\t\t\t\t\t\t<div class=\"elementor-container elementor-column-gap-default\">\n\t\t\t\t\t<div class=\"elementor-column elementor-col-100 elementor-top-column elementor-element elementor-element-baf75df\" data-id=\"baf75df\" data-element_type=\"column\">\n\t\t\t<div class=\"elementor-widget-wrap elementor-element-populated\">\n\t\t\t\t\t\t<div class=\"elementor-element elementor-element-3cad65a elementor-widget elementor-widget-text-editor\" data-id=\"3cad65a\" data-element_type=\"widget\" data-widget_type=\"text-editor.default\">\n\t\t\t\t<div class=\"elementor-widget-container\">\n\t\t\t\t\t\t\t\t\t            <div class=\"container\">\n                <p>No products found.<\/p>\n            <\/div>\n            <style>\n        .sold-banner {\n            background-color: #E30414;\n            position: absolute;\n            top: 0;\n            right: 0;\n            color: white;\n            padding: 10px;\n            font-size: 14px;\n            font-weight: bold;\n            z-index: 10;\n        }\n        .card {\n            position: relative;\n            overflow: hidden;\n        }\n    <\/style>\n    \n\t\t\t\t\t\t\t\t<\/div>\n\t\t\t\t<\/div>\n\t\t\t\t\t<\/div>\n\t\t<\/div>\n\t\t\t\t\t<\/div>\n\t\t<\/section>\n\t\t\t\t<\/div>\n\t\t","protected":false},"excerpt":{"rendered":"<p>Gebrauchte und wiederaufbereitete Materialumschlagbagger Unser Angebot f\u00fcr gebrauchte und wiederaufbereitete Minelli Materialumschlagbagger umfasst eine Auswahl an gebrauchten und wiederaufbereiteten Minelli.. <span class=\"read-more\"><a href=\"https:\/\/officineminelli.it\/de\/gebraucht\/\" class=\"theme-btn\"><span>Read more<\/span><i class=\"fas fa-angle-double-right\"><\/i><\/a><\/span><\/p>\n","protected":false},"author":1,"featured_media":0,"parent":0,"menu_order":0,"comment_status":"closed","ping_status":"closed","template":"template-layout-builder.php","meta":{"_acf_changed":false,"footnotes":""},"class_list":["post-5098","page","type-page","status-publish","hentry"],"acf":[],"aioseo_notices":[],"_links":{"self":[{"href":"https:\/\/officineminelli.it\/de\/wp-json\/wp\/v2\/pages\/5098","targetHints":{"allow":["GET"]}}],"collection":[{"href":"https:\/\/officineminelli.it\/de\/wp-json\/wp\/v2\/pages"}],"about":[{"href":"https:\/\/officineminelli.it\/de\/wp-json\/wp\/v2\/types\/page"}],"author":[{"embeddable":true,"href":"https:\/\/officineminelli.it\/de\/wp-json\/wp\/v2\/users\/1"}],"replies":[{"embeddable":true,"href":"https:\/\/officineminelli.it\/de\/wp-json\/wp\/v2\/comments?post=5098"}],"version-history":[{"count":8,"href":"https:\/\/officineminelli.it\/de\/wp-json\/wp\/v2\/pages\/5098\/revisions"}],"predecessor-version":[{"id":5275,"href":"https:\/\/officineminelli.it\/de\/wp-json\/wp\/v2\/pages\/5098\/revisions\/5275"}],"wp:attachment":[{"href":"https:\/\/officineminelli.it\/de\/wp-json\/wp\/v2\/media?parent=5098"}],"curies":[{"name":"wp","href":"https:\/\/api.w.org\/{rel}","templated":true}]}}